{"id":1258,"date":"2021-11-06T19:01:10","date_gmt":"2021-11-06T18:01:10","guid":{"rendered":"https:\/\/www.tiptiptop.top\/?page_id=1258"},"modified":"2021-11-08T15:20:54","modified_gmt":"2021-11-08T14:20:54","slug":"logiciels","status":"publish","type":"page","link":"https:\/\/www.tiptiptop.top\/?page_id=1258","title":{"rendered":"LOGICIELS"},"content":{"rendered":"\n<div class=\"wp-block-cover alignfull has-ast-global-color-0-background-color has-background-dim\" style=\"min-height:513px;aspect-ratio:unset;\"><div class=\"wp-block-cover__inner-container is-layout-flow wp-block-cover-is-layout-flow\">\n<div class=\"wp-block-columns are-vertically-aligned-center is-layout-flex wp-container-core-columns-is-layout-9d6595d7 wp-block-columns-is-layout-flex\">\n<div class=\"wp-block-column is-layout-flow wp-block-column-is-layout-flow\" style=\"flex-basis:100%\">\n<div class=\"wp-block-group is-layout-flow wp-block-group-is-layout-flow\"><div class=\"wp-block-group__inner-container\">\n<h2 class=\"has-text-align-center has-white-color has-text-color wp-block-heading\">Cr\u00e9ation de logiciels sur mesure et de sites internet<\/h2>\n\n\n\n<p class=\"has-text-align-left has-white-color has-text-color\">Depuis 2006, TIP TIP TOP d\u00e9veloppe des logiciels en ligne de style intranet pour r\u00e9pondre aux besoins sp\u00e9cifiques de ses clients.<br>Associ\u00e9s \u00e0 un site internet WordPress, nous pouvons vous fournir un outil complet pour g\u00e9rer votre activit\u00e9. <br><br>Vous avez une id\u00e9e d&rsquo;application, un probl\u00e8me r\u00e9curent dans votre organisation du travail, un fichier excel que vous partagez \u00e0 plusieurs&#8230;contactez nous.<\/p>\n\n\n\n<p class=\"has-text-align-left has-white-color has-text-color\">Voici quelques exemples de projets depuis d\u00e9j\u00e0 plus de 15 ans, ils montrent l&rsquo;adaptation au fil des ann\u00e9es.<br>Internet a bien \u00e9volu\u00e9, il ne s&rsquo;agit pas de tout cr\u00e9\u00e9 \u00e0 chaque fois mais de partir de produits existants et de les adapter \u00e0 vos besoins : <br>   * Inscription en ligne (course, formation, \u00e9v\u00e9nementiel&#8230;) avec des formulaires param\u00e9trables.<br>   * R\u00e9servation h\u00e9bergement, repas<br>   * Boutique en ligne de toute taille avec ou sans gestion de stock<br>   * Cartographie<br>   * et peut \u00eatre bient\u00f4t votre projet&#8230;<\/p>\n\n\n\n<div class=\"wp-block-buttons is-content-justification-center is-layout-flex wp-block-buttons-is-layout-flex\"><\/div>\n<\/div><\/div>\n<\/div>\n<\/div>\n<\/div><\/div>\n\n\n\n<div class=\"wp-block-columns is-layout-flex wp-container-core-columns-is-layout-9d6595d7 wp-block-columns-is-layout-flex\">\n<div class=\"wp-block-column is-layout-flow wp-block-column-is-layout-flow\" style=\"flex-basis:100%\">\n<div class=\"wp-block-columns is-layout-flex wp-container-core-columns-is-layout-9d6595d7 wp-block-columns-is-layout-flex\">\n<div class=\"wp-block-column is-layout-flow wp-block-column-is-layout-flow\" style=\"flex-basis:100%\">\n<div class=\"wp-block-columns alignwide is-layout-flex wp-container-core-columns-is-layout-9d6595d7 wp-block-columns-is-layout-flex\">\n<div class=\"wp-block-column is-layout-flow wp-block-column-is-layout-flow\">\n<figure class=\"wp-block-image size-large\"><img loading=\"lazy\" decoding=\"async\" width=\"1024\" height=\"747\" src=\"https:\/\/www.tiptiptop.top\/wp-content\/uploads\/2021\/11\/nasket-1024x747.png\" alt=\"\" class=\"wp-image-1305\" srcset=\"https:\/\/www.tiptiptop.top\/wp-content\/uploads\/2021\/11\/nasket-1024x747.png 1024w, https:\/\/www.tiptiptop.top\/wp-content\/uploads\/2021\/11\/nasket-300x219.png 300w, https:\/\/www.tiptiptop.top\/wp-content\/uploads\/2021\/11\/nasket-768x560.png 768w, https:\/\/www.tiptiptop.top\/wp-content\/uploads\/2021\/11\/nasket.png 1233w\" sizes=\"auto, (max-width: 1024px) 100vw, 1024px\" \/><\/figure>\n\n\n\n<h4 class=\"wp-block-heading\">Nasket : Intranet de la ligue Nouvelle-Aquitaine de basket<\/h4>\n\n\n\n<p><\/p>\n<\/div>\n\n\n\n<div class=\"wp-block-column is-layout-flow wp-block-column-is-layout-flow\">\n<figure class=\"wp-block-image size-large\"><img loading=\"lazy\" decoding=\"async\" width=\"1024\" height=\"749\" src=\"https:\/\/www.tiptiptop.top\/wp-content\/uploads\/2021\/11\/basket40-1024x749.png\" alt=\"\" class=\"wp-image-1306\" srcset=\"https:\/\/www.tiptiptop.top\/wp-content\/uploads\/2021\/11\/basket40-1024x749.png 1024w, https:\/\/www.tiptiptop.top\/wp-content\/uploads\/2021\/11\/basket40-300x219.png 300w, https:\/\/www.tiptiptop.top\/wp-content\/uploads\/2021\/11\/basket40-768x562.png 768w, https:\/\/www.tiptiptop.top\/wp-content\/uploads\/2021\/11\/basket40.png 1222w\" sizes=\"auto, (max-width: 1024px) 100vw, 1024px\" \/><\/figure>\n\n\n\n<h4 class=\"wp-block-heading\">Comit\u00e9 des landes de basket<\/h4>\n<\/div>\n<\/div>\n<\/div>\n<\/div>\n<\/div>\n<\/div>\n\n\n\n<h2 class=\"has-text-align-center wp-block-heading\"> <\/h2>\n\n\n\n<p>Ce projet est dans la continuit\u00e9 du projet commenc\u00e9 en 2006. Il permet aujourd&rsquo;hui de r\u00e9pondre aux besoins de tous les acteurs du basket n\u00e9o-aquitain, on peut par exemple retrouver les principales fonctionnalit\u00e9s suivantes : <br>   * Inscription aux formations avec paiement en ligne<br>   * Suivi de la formation avec l&rsquo;envoi automatique des documents<br>   * Convocation, \u00e9margement aux diff\u00e9rentes formations<br>   * Cartographie pour situer la formation pr\u00e8s de chez moi<br>   * Lien avec logiciel comptable pour faciliter la saisie<br>Ce projet s&rsquo;\u00e9tend ensuite avec les comit\u00e9s, les clubs de basket pour leur offrir des outils adapt\u00e9s.<\/p>\n\n\n\n<div class=\"wp-block-columns alignwide is-layout-flex wp-container-core-columns-is-layout-9d6595d7 wp-block-columns-is-layout-flex\">\n<div class=\"wp-block-column is-layout-flow wp-block-column-is-layout-flow\">\n<figure class=\"wp-block-image size-large\"><img loading=\"lazy\" decoding=\"async\" width=\"1024\" height=\"592\" src=\"https:\/\/www.tiptiptop.top\/wp-content\/uploads\/2021\/11\/Screenshot-2021-11-07-22.43.47-1024x592.png\" alt=\"\" class=\"wp-image-1307\" srcset=\"https:\/\/www.tiptiptop.top\/wp-content\/uploads\/2021\/11\/Screenshot-2021-11-07-22.43.47-1024x592.png 1024w, https:\/\/www.tiptiptop.top\/wp-content\/uploads\/2021\/11\/Screenshot-2021-11-07-22.43.47-300x173.png 300w, https:\/\/www.tiptiptop.top\/wp-content\/uploads\/2021\/11\/Screenshot-2021-11-07-22.43.47-768x444.png 768w, https:\/\/www.tiptiptop.top\/wp-content\/uploads\/2021\/11\/Screenshot-2021-11-07-22.43.47.png 1444w\" sizes=\"auto, (max-width: 1024px) 100vw, 1024px\" \/><\/figure>\n\n\n\n<h4 class=\"wp-block-heading\">Assembl\u00e9e g\u00e9n\u00e9rale de la F\u00e9d\u00e9ration Fran\u00e7aise de Basket Ball<\/h4>\n\n\n\n<p>Ce site \u00e9v\u00e9nementiel a \u00e9t\u00e9 cr\u00e9\u00e9 pour une assembl\u00e9e en 2021. Il a permis la r\u00e9servation d\u2019h\u00f4tel, de repas et d&rsquo;activit\u00e9s, le tout pay\u00e9 en ligne.<\/p>\n<\/div>\n\n\n\n<div class=\"wp-block-column is-layout-flow wp-block-column-is-layout-flow\">\n<figure class=\"wp-block-image size-large\"><img loading=\"lazy\" decoding=\"async\" width=\"1024\" height=\"645\" src=\"https:\/\/www.tiptiptop.top\/wp-content\/uploads\/2021\/11\/montmieri-1024x645.png\" alt=\"\" class=\"wp-image-1308\" srcset=\"https:\/\/www.tiptiptop.top\/wp-content\/uploads\/2021\/11\/montmieri-1024x645.png 1024w, https:\/\/www.tiptiptop.top\/wp-content\/uploads\/2021\/11\/montmieri-300x189.png 300w, https:\/\/www.tiptiptop.top\/wp-content\/uploads\/2021\/11\/montmieri-768x484.png 768w, https:\/\/www.tiptiptop.top\/wp-content\/uploads\/2021\/11\/montmieri.png 1450w\" sizes=\"auto, (max-width: 1024px) 100vw, 1024px\" \/><\/figure>\n\n\n\n<h4 class=\"wp-block-heading\">Le Montmieri<\/h4>\n\n\n\n<p>Site internet classique d\u00e9velopp\u00e9 avec WordPress pour la r\u00e9servation en g\u00eetes et chambres d\u2019h\u00f4tes.<\/p>\n<\/div>\n<\/div>\n\n\n\n<div class=\"wp-block-columns alignwide is-layout-flex wp-container-core-columns-is-layout-9d6595d7 wp-block-columns-is-layout-flex\">\n<div class=\"wp-block-column is-layout-flow wp-block-column-is-layout-flow\">\n<figure class=\"wp-block-image size-large\"><img loading=\"lazy\" decoding=\"async\" width=\"1024\" height=\"781\" src=\"https:\/\/www.tiptiptop.top\/wp-content\/uploads\/2021\/11\/pizzatoto-1024x781.png\" alt=\"\" class=\"wp-image-1309\" srcset=\"https:\/\/www.tiptiptop.top\/wp-content\/uploads\/2021\/11\/pizzatoto-1024x781.png 1024w, https:\/\/www.tiptiptop.top\/wp-content\/uploads\/2021\/11\/pizzatoto-300x229.png 300w, https:\/\/www.tiptiptop.top\/wp-content\/uploads\/2021\/11\/pizzatoto-768x585.png 768w, https:\/\/www.tiptiptop.top\/wp-content\/uploads\/2021\/11\/pizzatoto.png 1195w\" sizes=\"auto, (max-width: 1024px) 100vw, 1024px\" \/><\/figure>\n\n\n\n<h4 class=\"wp-block-heading\">Site Internet de vente de pizza \u00e0 emporter<\/h4>\n\n\n\n<p>Ce site a \u00e9t\u00e9 cr\u00e9\u00e9 en 2013 et 100% fait maison avec notre propre CMS, avant d&rsquo;utiliser WordPress (plus pratique et design aujourd&rsquo;hui).<br>La particularit\u00e9 de ce projet qui fonctionne encore  \u00e9tait de pouvoir ajouter ou supprimer des ingr\u00e9dients \u00e0 sa pizza.<\/p>\n<\/div>\n\n\n\n<div class=\"wp-block-column is-layout-flow wp-block-column-is-layout-flow\">\n<figure class=\"wp-block-image size-large\"><img loading=\"lazy\" decoding=\"async\" width=\"1024\" height=\"813\" src=\"https:\/\/www.tiptiptop.top\/wp-content\/uploads\/2021\/11\/soubiane-1024x813.png\" alt=\"\" class=\"wp-image-1310\" srcset=\"https:\/\/www.tiptiptop.top\/wp-content\/uploads\/2021\/11\/soubiane-1024x813.png 1024w, https:\/\/www.tiptiptop.top\/wp-content\/uploads\/2021\/11\/soubiane-300x238.png 300w, https:\/\/www.tiptiptop.top\/wp-content\/uploads\/2021\/11\/soubiane-768x610.png 768w, https:\/\/www.tiptiptop.top\/wp-content\/uploads\/2021\/11\/soubiane.png 1149w\" sizes=\"auto, (max-width: 1024px) 100vw, 1024px\" \/><\/figure>\n\n\n\n<h4 class=\"wp-block-heading\">Site internet de vente de produits de la ferme<\/h4>\n\n\n\n<p>Ce site a \u00e9t\u00e9 cr\u00e9\u00e9 en 2016 et lui aussi 100% fait maison avec notre propre CMS.<br>La particularit\u00e9 de ce projet \u00e9tait de pouvoir faire des pr\u00e9-commandes avec des stocks limit\u00e9s sur des produits frais.<\/p>\n<\/div>\n<\/div>\n\n\n\n<p><\/p>\n\n\n\n<p><\/p>\n\n\n\n<p><\/p>\n\n\n\n<p><\/p>\n\n\n\n<h2 class=\"has-text-align-center wp-block-heading\"> <\/h2>\n","protected":false},"excerpt":{"rendered":"<p>Nasket : Intranet de la ligue Nouvelle-Aquitaine de basket Comit\u00e9 des landes de basket Ce projet est dans la continuit\u00e9 du projet commenc\u00e9 en 2006. Il permet aujourd&rsquo;hui de r\u00e9pondre aux besoins de tous les acteurs du basket n\u00e9o-aquitain, on peut par exemple retrouver les principales fonctionnalit\u00e9s suivantes : * Inscription aux formations avec paiement &hellip;<\/p>\n<p class=\"read-more\"> <a class=\"\" href=\"https:\/\/www.tiptiptop.top\/?page_id=1258\"> <span class=\"screen-reader-text\">LOGICIELS<\/span> Lire la suite\u00a0\u00bb<\/a><\/p>\n","protected":false},"author":1,"featured_media":0,"parent":0,"menu_order":0,"comment_status":"closed","ping_status":"closed","template":"","meta":{"site-sidebar-layout":"","site-content-layout":"","ast-main-header-display":"","ast-hfb-above-header-display":"","ast-hfb-below-header-display":"","ast-hfb-mobile-header-display":"","site-post-title":"","ast-breadcrumbs-content":"","ast-featured-img":"","footer-sml-layout":"","theme-transparent-header-meta":"","adv-header-id-meta":"","stick-header-meta":"","header-above-stick-meta":"","header-main-stick-meta":"","header-below-stick-meta":"","footnotes":""},"class_list":["post-1258","page","type-page","status-publish","hentry"],"_links":{"self":[{"href":"https:\/\/www.tiptiptop.top\/index.php?rest_route=\/wp\/v2\/pages\/1258","targetHints":{"allow":["GET"]}}],"collection":[{"href":"https:\/\/www.tiptiptop.top\/index.php?rest_route=\/wp\/v2\/pages"}],"about":[{"href":"https:\/\/www.tiptiptop.top\/index.php?rest_route=\/wp\/v2\/types\/page"}],"author":[{"embeddable":true,"href":"https:\/\/www.tiptiptop.top\/index.php?rest_route=\/wp\/v2\/users\/1"}],"replies":[{"embeddable":true,"href":"https:\/\/www.tiptiptop.top\/index.php?rest_route=%2Fwp%2Fv2%2Fcomments&post=1258"}],"version-history":[{"count":6,"href":"https:\/\/www.tiptiptop.top\/index.php?rest_route=\/wp\/v2\/pages\/1258\/revisions"}],"predecessor-version":[{"id":1336,"href":"https:\/\/www.tiptiptop.top\/index.php?rest_route=\/wp\/v2\/pages\/1258\/revisions\/1336"}],"wp:attachment":[{"href":"https:\/\/www.tiptiptop.top\/index.php?rest_route=%2Fwp%2Fv2%2Fmedia&parent=1258"}],"curies":[{"name":"wp","href":"https:\/\/api.w.org\/{rel}","templated":true}]}}