{"id":2,"date":"2021-11-06T10:55:24","date_gmt":"2021-11-06T09:55:24","guid":{"rendered":"https:\/\/www.tiptiptop.top\/?page_id=2"},"modified":"2022-06-07T19:03:32","modified_gmt":"2022-06-07T17:03:32","slug":"page-d-exemple","status":"publish","type":"page","link":"https:\/\/www.tiptiptop.top\/?page_id=2","title":{"rendered":"CHRONOMETRAGE"},"content":{"rendered":"\n<div class=\"wp-block-columns is-layout-flex wp-container-core-columns-is-layout-9d6595d7 wp-block-columns-is-layout-flex\">\n<div class=\"wp-block-column is-layout-flow wp-block-column-is-layout-flow\" style=\"flex-basis:100%\"><\/div>\n<\/div>\n\n\n\n<p><\/p>\n\n\n\n<div class=\"wp-block-cover alignfull\" style=\"min-height:425px;aspect-ratio:unset;\"><span aria-hidden=\"true\" class=\"wp-block-cover__background has-ast-global-color-0-background-color has-background-dim-100 has-background-dim\"><\/span><div class=\"wp-block-cover__inner-container is-layout-flow wp-block-cover-is-layout-flow\">\n<div class=\"wp-block-media-text has-media-on-the-right is-stacked-on-mobile is-vertically-aligned-center\" style=\"grid-template-columns:auto 15%\"><figure class=\"wp-block-media-text__media\"><img loading=\"lazy\" decoding=\"async\" width=\"311\" height=\"353\" src=\"https:\/\/www.tiptiptop.top\/wp-content\/uploads\/2021\/11\/puce_velo.png\" alt=\"\" class=\"wp-image-1297 size-full\" srcset=\"https:\/\/www.tiptiptop.top\/wp-content\/uploads\/2021\/11\/puce_velo.png 311w, https:\/\/www.tiptiptop.top\/wp-content\/uploads\/2021\/11\/puce_velo-264x300.png 264w\" sizes=\"auto, (max-width: 311px) 100vw, 311px\" \/><\/figure><div class=\"wp-block-media-text__content\">\n<div class=\"wp-block-group is-layout-flow wp-block-group-is-layout-flow\"><div class=\"wp-block-group__inner-container\">\n<h2 class=\"has-text-align-center has-white-color has-text-color wp-block-heading\">Chronom\u00e9trage et classements<\/h2>\n\n\n\n<p class=\"has-text-align-left has-white-color has-text-color\">Notre soci\u00e9t\u00e9 de chronom\u00e9trage est bas\u00e9e dans les landes (\u00e0 Tyrosse). Sp\u00e9cialis\u00e9e dans la photofinish sur des courses cyclistes dans les ann\u00e9es 90, elle a poursuivi dans le chronom\u00e9trage traditionnel avant que les puces et les transpondeurs n&rsquo;arrivent.<\/p>\n\n\n\n<p class=\"has-text-align-left has-white-color has-text-color\"> Fort de plus de 20 ans d&rsquo;exp\u00e9rience dans le chronom\u00e9trage, TIP TIP TOP a chronom\u00e9tr\u00e9 plusieurs centaines d&rsquo;\u00e9v\u00e8nements : <br>En Triathlon : \u00e0 Mimizan, Biscarrosse, Saint-Jean-de-Luz, Nailloux, B\u00e8gles, Casteljaloux, Plouescat, Villeneuve sur Lot,  Agen, Auch, Montendre, Soulor, Saint-Paul-l\u00e8s-Dax, Arcachon, Tarbes, Saint-Gaudens, Autun, Hostens, Bergerac, Sames, Layrac, Ciboure, Montr\u00e9jeau, Luchon, Foix.<br><br>En enduro moto : \u00e0 Cauneille, Saint-Palais, Hasparren, Licq-Ath\u00e9rey, Montagnac, Cancon, Monein, Saint Genies, Pont de Salars, Bonnat, L&rsquo;irondelle, Louignac, Vassivi\u00e8re&#8230;<br><br>En course \u00e0 pied : \u00e0 Saint Paul les Dax, La tremblade, Ronce les bains, La Rochelle, Bayonne, Fontarabie,  Th\u00e8se, Saubion, Saint-Martin de Seignanx, Pontonx, Lourdes, Arcachon, Cauterets, Bagn\u00e8res&#8230;<br><br>Des courses atypiques et prestigieuses avec des caisses \u00e0 savons, des courses de cotes, des coupes du monde de Rollerski, du roller, les championnats de France sur route de Cyclisme en 2003.<br><br>Et maintenant, pourquoi pas vous, demandez votre devis gratuit&#8230;<br><br><\/p>\n\n\n\n<p><\/p>\n\n\n\n<div class=\"wp-block-buttons is-horizontal is-content-justification-center is-layout-flex wp-container-core-buttons-is-layout-499968f5 wp-block-buttons-is-layout-flex\"><\/div>\n<\/div><\/div>\n<\/div><\/div>\n\n\n\n<p><\/p>\n<\/div><\/div>\n\n\n\n<div class=\"wp-block-cover alignfull\" style=\"min-height:425px;aspect-ratio:unset;\"><span aria-hidden=\"true\" class=\"wp-block-cover__background has-ast-global-color-0-background-color has-background-dim-100 has-background-dim\"><\/span><div class=\"wp-block-cover__inner-container is-layout-flow wp-block-cover-is-layout-flow\">\n<div class=\"wp-block-media-text has-media-on-the-right is-stacked-on-mobile is-vertically-aligned-center\" style=\"grid-template-columns:auto 27%\"><figure class=\"wp-block-media-text__media\"><img loading=\"lazy\" decoding=\"async\" width=\"311\" height=\"353\" src=\"https:\/\/www.tiptiptop.top\/wp-content\/uploads\/2021\/11\/puce_velo.png\" alt=\"\" class=\"wp-image-1297 size-full\" srcset=\"https:\/\/www.tiptiptop.top\/wp-content\/uploads\/2021\/11\/puce_velo.png 311w, https:\/\/www.tiptiptop.top\/wp-content\/uploads\/2021\/11\/puce_velo-264x300.png 264w\" sizes=\"auto, (max-width: 311px) 100vw, 311px\" \/><\/figure><div class=\"wp-block-media-text__content\">\n<div class=\"wp-block-group is-layout-flow wp-block-group-is-layout-flow\"><div class=\"wp-block-group__inner-container\">\n<h2 class=\"has-text-align-center has-white-color has-text-color wp-block-heading\">Puces URTIME<\/h2>\n\n\n\n<p class=\"has-text-align-left has-white-color has-text-color\">Le syst\u00e8me URTIME est compos\u00e9 d&rsquo;une valise de chronom\u00e9trage autonome en batterie pouvant couvrir une ligne d&rsquo;arriv\u00e9e jusqu&rsquo;\u00e0 8 m\u00e8tres de large. Chaque impulsion est directement envoy\u00e9e sur le r\u00e9seau mobile pour alimenter les r\u00e9sultats en direct sur notre site internet. Nous pouvons utiliser des puces jetables coll\u00e9es derri\u00e8re le dossard ou des puces avec bracelets \u00e0 la cheville.<\/p>\n\n\n\n<div class=\"wp-block-buttons is-horizontal is-content-justification-center is-layout-flex wp-container-core-buttons-is-layout-499968f5 wp-block-buttons-is-layout-flex\"><\/div>\n<\/div><\/div>\n<\/div><\/div>\n\n\n\n<p><\/p>\n<\/div><\/div>\n\n\n\n<p><\/p>\n\n\n\n<div class=\"wp-block-cover alignfull\" style=\"min-height:425px;aspect-ratio:unset;\"><span aria-hidden=\"true\" class=\"wp-block-cover__background has-ast-global-color-0-background-color has-background-dim-100 has-background-dim\"><\/span><div class=\"wp-block-cover__inner-container is-layout-flow wp-block-cover-is-layout-flow\">\n<div class=\"wp-block-media-text has-media-on-the-right is-stacked-on-mobile is-vertically-aligned-center\" style=\"grid-template-columns:auto 27%\"><figure class=\"wp-block-media-text__media\"><img loading=\"lazy\" decoding=\"async\" width=\"238\" height=\"226\" src=\"https:\/\/www.tiptiptop.top\/wp-content\/uploads\/2021\/11\/chronelec.jpg\" alt=\"\" class=\"wp-image-1301 size-full\"\/><\/figure><div class=\"wp-block-media-text__content\">\n<div class=\"wp-block-group is-layout-flow wp-block-group-is-layout-flow\"><div class=\"wp-block-group__inner-container\">\n<h2 class=\"has-text-align-center has-white-color has-text-color wp-block-heading\">Transpondeurs Chronelec<\/h2>\n\n\n\n<p class=\"has-text-align-left has-white-color has-text-color\">Le syst\u00e8me Chronelec est plus pr\u00e9cis car il fonctionne avec des transpondeurs. Le transpondeur est charg\u00e9 en batterie, c&rsquo;est lui qui \u00e9met le signal, il est donc plus fiable. <br>Nous l&rsquo;utilisons majoritairement sur  les enduros motos qui demandent plus de pr\u00e9cisions, il sera fix\u00e9 \u00e0 la fourche de la moto. <br>Apr\u00e8s chaque passage en sp\u00e9ciale ou en CH, les donn\u00e9es sont directement envoy\u00e9es sur notre site pour alimenter le classement qui se consolide au fur et \u00e0 mesure.<\/p>\n\n\n\n<div class=\"wp-block-buttons is-horizontal is-content-justification-center is-layout-flex wp-container-core-buttons-is-layout-499968f5 wp-block-buttons-is-layout-flex\"><\/div>\n<\/div><\/div>\n<\/div><\/div>\n\n\n\n<p><\/p>\n<\/div><\/div>\n\n\n\n<p><\/p>\n","protected":false},"excerpt":{"rendered":"","protected":false},"author":1,"featured_media":0,"parent":0,"menu_order":0,"comment_status":"closed","ping_status":"open","template":"","meta":{"site-sidebar-layout":"default","site-content-layout":"default","ast-main-header-display":"","ast-hfb-above-header-display":"","ast-hfb-below-header-display":"","ast-hfb-mobile-header-display":"","site-post-title":"","ast-breadcrumbs-content":"","ast-featured-img":"","footer-sml-layout":"","theme-transparent-header-meta":"default","adv-header-id-meta":"","stick-header-meta":"","header-above-stick-meta":"","header-main-stick-meta":"","header-below-stick-meta":"","footnotes":""},"class_list":["post-2","page","type-page","status-publish","hentry"],"_links":{"self":[{"href":"https:\/\/www.tiptiptop.top\/index.php?rest_route=\/wp\/v2\/pages\/2","targetHints":{"allow":["GET"]}}],"collection":[{"href":"https:\/\/www.tiptiptop.top\/index.php?rest_route=\/wp\/v2\/pages"}],"about":[{"href":"https:\/\/www.tiptiptop.top\/index.php?rest_route=\/wp\/v2\/types\/page"}],"author":[{"embeddable":true,"href":"https:\/\/www.tiptiptop.top\/index.php?rest_route=\/wp\/v2\/users\/1"}],"replies":[{"embeddable":true,"href":"https:\/\/www.tiptiptop.top\/index.php?rest_route=%2Fwp%2Fv2%2Fcomments&post=2"}],"version-history":[{"count":19,"href":"https:\/\/www.tiptiptop.top\/index.php?rest_route=\/wp\/v2\/pages\/2\/revisions"}],"predecessor-version":[{"id":1456,"href":"https:\/\/www.tiptiptop.top\/index.php?rest_route=\/wp\/v2\/pages\/2\/revisions\/1456"}],"wp:attachment":[{"href":"https:\/\/www.tiptiptop.top\/index.php?rest_route=%2Fwp%2Fv2%2Fmedia&parent=2"}],"curies":[{"name":"wp","href":"https:\/\/api.w.org\/{rel}","templated":true}]}}